{"id":175,"date":"2021-11-25T16:05:44","date_gmt":"2021-11-25T07:05:44","guid":{"rendered":"https:\/\/plaza.umin.ac.jp\/yakushi\/wp3\/%e9%96%a2%e9%80%a3%e3%83%aa%e3%83%b3%e3%82%af%e9%9b%86\/%e6%b5%b7%e5%a4%96%e3%83%aa%e3%83%b3%e3%82%af%e9%9b%86\/"},"modified":"2026-05-07T12:32:43","modified_gmt":"2026-05-07T03:32:43","slug":"%e6%b5%b7%e5%a4%96%e3%83%aa%e3%83%b3%e3%82%af%e9%9b%86","status":"publish","type":"page","link":"https:\/\/plaza.umin.ac.jp\/yakushi\/%e9%96%a2%e9%80%a3%e3%83%aa%e3%83%b3%e3%82%af%e9%9b%86\/%e6%b5%b7%e5%a4%96%e3%83%aa%e3%83%b3%e3%82%af%e9%9b%86\/","title":{"rendered":"\u6d77\u5916\u30ea\u30f3\u30af\u96c6"},"content":{"rendered":"\n<h2 class=\"wp-block-heading\">\u6d77\u5916\u30ea\u30f3\u30af\u96c6<\/h2>\n\n\n\n<ul>\n<li><a rel=\"noreferrer noopener\" href=\"https:\/\/histpharm.org\/\" target=\"_blank\">International Society for the History of Pharmacy (ISHP)<\/a><br>\u3000\uff08\u56fd\u969b\u85ac\u53f2\u5b66\u4f1a)<\/li>\n\n\n\n<li><a rel=\"noreferrer noopener\" href=\"https:\/\/www.bshp.org\/\" target=\"_blank\">British Society for the History of Pharmacy (BSHP)<\/a><br>\u3000\uff08\u82f1\u56fd\u85ac\u53f2\u5b66\u4f1a)<\/li>\n\n\n\n<li><a rel=\"noreferrer noopener\" href=\"https:\/\/aihp.org\/\" target=\"_blank\">American Institute of the History of Pharmacy (AIHP)<\/a><br>\u3000\uff08\u7c73\u56fd\u85ac\u53f2\u5b66\u4f1a)<\/li>\n\n\n\n<li><a rel=\"noreferrer noopener\" href=\"https:\/\/www.pharmaziegeschichte.at\/\" target=\"_blank\">Osterreichische Gesellschaft fur Geschichte der Pharmazie (OGGP)<\/a><br>\u3000\uff08\u30aa\u30fc\u30b9\u30c8\u30ea\u30a2\u85ac\u53f2\u5b66\u4f1a\uff09<\/li>\n\n\n\n<li><a rel=\"noreferrer noopener\" href=\"https:\/\/www.shp-asso.org\/\" target=\"_blank\">Societ\u00e9 d'Histoire de la Pharmacie (SHP)<\/a><br>\u3000\uff08\u30d5\u30e9\u30f3\u30b9\u85ac\u53f2\u5b66\u4f1a)<\/li>\n\n\n\n<li><a rel=\"noreferrer noopener\" href=\"https:\/\/dggp.de\/\" target=\"_blank\">Deutsche Gesellschaft f\u00fcr Geschichte der Pharmazie (DGGP)<\/a><br>\u3000\uff08\u30c9\u30a4\u30c4\u85ac\u53f2\u5b66\u4f1a)<\/li>\n\n\n\n<li><a rel=\"noreferrer noopener\" href=\"https:\/\/nobilecollegio.it\/\" target=\"_blank\">Accademia Romana di Storia della Farmacia e di Scienze Farmaceutiche<\/a><br>\u3000\uff08\u30ed\u30fc\u30de\u85ac\u5b66\u53f2\u30fb\u85ac\u5b66\u30a2\u30ab\u30c7\u30df\u30fc\uff08\u30ce\u30fc\u30d6\u30eb\u85ac\u5b66\u30ab\u30ec\u30c3\u30b8\u5185\uff09\uff09<\/li>\n\n\n\n<li><a rel=\"noreferrer noopener\" href=\"https:\/\/www.accademiaitalianastoriafarmacia.org\/\" target=\"_blank\">Accademia Italiana di Storia della Farmacia (AISF)<\/a><br>\u3000\uff08\u30a4\u30bf\u30ea\u30a2\u85ac\u53f2\u30a2\u30ab\u30c7\u30df\u30fc\uff09<\/li>\n\n\n\n<li><a rel=\"noreferrer noopener\" href=\"https:\/\/sduhfe.wordpress.com\/\" target=\"_blank\">Sociedad de Docentes Universitarios de Historia de la Farmacia de Espana (SDUHFE)<\/a><br>\u3000\uff08\u30b9\u30da\u30a4\u30f3\u85ac\u53f2\u5b66\u4f1a\uff09<\/li>\n\n\n\n<li><a rel=\"noreferrer noopener\" href=\"http:\/\/www.histpharm.ch\/\" target=\"_blank\">Schweizerische Gesellschaft f\u00fcr Geschichte der Pharmazie (SGGP)<br>Soci\u00e9t\u00e9 Suisse d'Historire de la Pharmacie (SSHP)<\/a><br>\u3000\uff08\u30b9\u30a4\u30b9\u85ac\u53f2\u5b66\u4f1a\uff09<\/li>\n\n\n\n<li><a rel=\"noreferrer noopener\" href=\"https:\/\/www.anzshm.org.au\/\" target=\"_blank\">Australian and New Zealand Society of the History of Medicine (ANZSHM)<\/a><br>\u3000\uff08\u30aa\u30fc\u30b9\u30c8\u30e9\u30ea\u30a2\u85ac\u53f2\u5b66\u4f1a)<\/li>\n\n\n\n<li><a rel=\"noreferrer noopener\" href=\"https:\/\/www.apotekarsocieteten.se\/medlemskap\/sektioner\/farmaci-och-lakemedelshistoria\/\" target=\"_blank\">Apotekarsocieteten; farmacihitoria<\/a><br>\u3000\uff08\u30b9\u30a6\u30a7\u30fc\u30c7\u30f3\u85ac\u53f2\u5b66\u4f1a\uff08\u30b9\u30a6\u30a7\u30fc\u30c7\u30f3\u85ac\u5b66\u4f1a\u5185\uff09\uff09<\/li>\n\n\n\n<li><a rel=\"noreferrer noopener\" href=\"http:\/\/ishm.wikidot.com\/\" target=\"_blank\">International Society for the History of Medicine (ISHM)<\/a><br>\u3000\uff08\u56fd\u969b\u533b\u53f2\u5b66\u4f1a)<\/li>\n\n\n\n<li><a rel=\"noreferrer noopener\" href=\"https:\/\/www.fip.org\/\" target=\"_blank\">lnternational Pharmaceutical Federation (FIP)<\/a><br>\u3000\uff08\u56fd\u969b\u85ac\u5264\u5e2b\u30fb\u85ac\u5b66\u9023\u5408\uff09<\/li>\n<\/ul>\n","protected":false},"excerpt":{"rendered":"<p>\u6d77\u5916\u30ea\u30f3\u30af\u96c6<\/p>\n","protected":false},"author":1,"featured_media":0,"parent":60,"menu_order":0,"comment_status":"closed","ping_status":"closed","template":"","meta":{"_acf_changed":false,"footnotes":""},"acf":[],"_links":{"self":[{"href":"https:\/\/plaza.umin.ac.jp\/yakushi\/wp-json\/wp\/v2\/pages\/175"}],"collection":[{"href":"https:\/\/plaza.umin.ac.jp\/yakushi\/wp-json\/wp\/v2\/pages"}],"about":[{"href":"https:\/\/plaza.umin.ac.jp\/yakushi\/wp-json\/wp\/v2\/types\/page"}],"author":[{"embeddable":true,"href":"https:\/\/plaza.umin.ac.jp\/yakushi\/wp-json\/wp\/v2\/users\/1"}],"replies":[{"embeddable":true,"href":"https:\/\/plaza.umin.ac.jp\/yakushi\/wp-json\/wp\/v2\/comments?post=175"}],"version-history":[{"count":19,"href":"https:\/\/plaza.umin.ac.jp\/yakushi\/wp-json\/wp\/v2\/pages\/175\/revisions"}],"predecessor-version":[{"id":3276,"href":"https:\/\/plaza.umin.ac.jp\/yakushi\/wp-json\/wp\/v2\/pages\/175\/revisions\/3276"}],"up":[{"embeddable":true,"href":"https:\/\/plaza.umin.ac.jp\/yakushi\/wp-json\/wp\/v2\/pages\/60"}],"wp:attachment":[{"href":"https:\/\/plaza.umin.ac.jp\/yakushi\/wp-json\/wp\/v2\/media?parent=175"}],"curies":[{"name":"wp","href":"https:\/\/api.w.org\/{rel}","templated":true}]}}