{"id":732,"date":"2025-02-17T10:07:16","date_gmt":"2025-02-17T01:07:16","guid":{"rendered":"https:\/\/plaza.umin.ac.jp\/wormjp\/wordpress\/?page_id=732"},"modified":"2025-08-25T10:41:06","modified_gmt":"2025-08-25T01:41:06","slug":"past-conference","status":"publish","type":"page","link":"https:\/\/plaza.umin.ac.jp\/wormjp\/wordpress\/past-conference\/","title":{"rendered":"\u904e\u53bb\u306e\u5927\u4f1a"},"content":{"rendered":"\n<ul class=\"wp-block-list msg_pnl_orange\">\n<li><a href=\"#link01\" data-type=\"internal\" data-id=\"#list01\">\u56fd\u969b\u5b66\u4f1a<\/a><\/li>\n\n\n\n<li><a href=\"#list02\">\u5730\u57df<\/a><a href=\"#link02\">\u96c6\u4f1a<\/a><\/li>\n\n\n\n<li><a href=\"#link03\">\u7dda\u866b\u7814\u7a76\u306e\u672a\u6765\u3092\u5275\u308b\u4f1a<\/a><\/li>\n\n\n\n<li><a href=\"#link04\">\u866b\u306e\u96c6\u3044\u61c7\u89aa\u4f1a<\/a><\/li>\n\n\n\n<li><a href=\"#link05\">\u7dda\u866b\u52c9\u5f37\u4f1a<\/a><\/li>\n\n\n\n<li><a href=\"#link06\"><em>C. elegans<\/em>\u8b1b\u7fd2\u4f1a\uff20Cold Spring Harbor Laboratory<\/a><\/li>\n<\/ul>\n\n\n\n<div style=\"height:30px\" aria-hidden=\"true\" class=\"wp-block-spacer\"><\/div>\n\n\n\n<div class=\"wp-block-group mb_20\"><div class=\"wp-block-group__inner-container is-layout-constrained wp-block-group-is-layout-constrained\">\n<h4 class=\"wp-block-heading\" id=\"link01\">\u56fd\u969b\u5b66\u4f1a<\/h4>\n\n\n\n<p>\u897f\u66a6\u5947\u6570\u5e74\u306b\u7c73\u56fd\u3067\u958b\u50ac\u3055\u308c\u3066\u3044\u307e\u3059\u3002<\/p>\n\n\n\n<ul class=\"wp-block-list box_col_02 ml_20 sp_ml_0\">\n<li><a href=\"https:\/\/genetics-gsa.org\/celegans\/\" target=\"_blank\" rel=\"noreferrer noopener\">25th International Worm Meeting<\/a>\n<ul class=\"wp-block-list\">\n<li>University of California, Davis<br>June 28\u2013July 2, 2025<\/li>\n\n\n\n<li>The Meeting Organizers are:<br>Cathy Savage-Dunn, City University of New York, Queens College and the Graduate Center<br>Baris Tursun, University of Hamburg<br><\/li>\n<\/ul>\n<\/li>\n\n\n\n<li><a href=\"https:\/\/genetics-gsa.org\/celegans-2021\/\">23rd International&nbsp;<em>C. elegans<\/em>&nbsp;Conference<\/a>\n<ul class=\"wp-block-list\">\n<li>Online, Anywhere and Everywhere<br>June 21 &#8211; 25, 2021<\/li>\n\n\n\n<li>The Meeting Organizers are:<br>Barbara Conradt,&nbsp;University College London, UK<br>Piali Sengupta,&nbsp;Brandeis University, USA<\/li>\n<\/ul>\n<\/li>\n\n\n\n<li>22nd International&nbsp;<em>C. elegans<\/em>&nbsp;Conference\n<ul class=\"wp-block-list\">\n<li>University of California at Los Angeles<br>June 20 &#8211; 24, 2019<\/li>\n\n\n\n<li>The Meeting Organizers are:<br>Julie Ahringer,&nbsp;University of Cambridge, United Kingdom&nbsp;<br>Michael Koelle,&nbsp;Yale&nbsp;University<\/li>\n<\/ul>\n<\/li>\n\n\n\n<li>21st International&nbsp;<em>C. elegans<\/em>&nbsp;Conference\n<ul class=\"wp-block-list\">\n<li>University of California at Los Angeles<br>June 21 &#8211; 25, 2017<\/li>\n\n\n\n<li>The Meeting Organizers are:<br>Andrew Chisholm University of California, San Diego, USA<br>Marie Anne F\u00e9lix \u00c9cole Normale Sup\u00e9rieure, France&nbsp;&nbsp;<\/li>\n<\/ul>\n<\/li>\n\n\n\n<li><a href=\"http:\/\/www.genetics-gsa.org\/celegans\/2015\/\"><\/a>20th International&nbsp;<em>C. elegans<\/em>&nbsp;Meeting\n<ul class=\"wp-block-list\">\n<li>University of California at Los Angeles<br>June 24 &#8211; 28, 2015<\/li>\n\n\n\n<li>The Meeting Organizers are:<br>Benjamin Podbilewicz, Technion-IIT<br>Gillian Stanfield, University of Utah<\/li>\n<\/ul>\n<\/li>\n\n\n\n<li><a href=\"http:\/\/www.celegans.org\/2013\/\"><\/a><a href=\"http:\/\/www.celegans.org\/2013\/\">19th International&nbsp;<em>C. elegans<\/em>&nbsp;Meeting<\/a>\n<ul class=\"wp-block-list\">\n<li>University of California at Los Angeles<br>June 26 &#8211; 30, 2013<\/li>\n\n\n\n<li>The Meeting Organizers are:<br>Monica Colaiacovo, UHarvard Medical School<br>Ralf J. Sommer, Max-Planck Institute for Developmental Biology<\/li>\n<\/ul>\n<\/li>\n\n\n\n<li><a href=\"http:\/\/www.celegans.org\/2011\/\"><\/a><a href=\"http:\/\/www.celegans.org\/2011\/\" target=\"_blank\" rel=\"noreferrer noopener\">18th International&nbsp;<em>C. elegans<\/em>&nbsp;Meeting<\/a>\n<ul class=\"wp-block-list\">\n<li>University of California at Los Angeles<br>June 22 (Wednesday) &#8211; 26 (Sunday), 2011<\/li>\n\n\n\n<li>The Meeting Organizers are:<br>Meera Sundaram, University of Pennsylvania<br>Oliver Hobert, Columbia University<\/li>\n<\/ul>\n<\/li>\n\n\n\n<li><a href=\"http:\/\/www.celegans.org\/2009\/\"><\/a><a href=\"http:\/\/www.celegans.org\/2009\/\">17th International&nbsp;<em>C. elegans<\/em>&nbsp;Meeting<\/a>\n<ul class=\"wp-block-list\">\n<li>University of California at Los Angeles<br>June 24 (Wednesday) &#8211; 28 (Sunday), 2009<\/li>\n\n\n\n<li>The Meeting Organizers are:<br>David Greenstein, (Co-Organizer), University of Minnesotal<br>Chris Li, (Co-Organizer), City College of New York<\/li>\n<\/ul>\n<\/li>\n\n\n\n<li>16th International&nbsp;<em>C. elegans<\/em>&nbsp;Meeting\n<ul class=\"wp-block-list\">\n<li>University of California at Los Angeles<br>June 27 (Wednesday) &#8211; July 1 (Sunday), 2007<\/li>\n\n\n\n<li>The Meeting Organizers are:<br>Victor Ambros, (Co-Organizer), Dartmouth Medical School<br>Anne Hart, (Co-Organizer), Massachusetts General Hospital and Harvard Medical School<br>Alex van der Bliek, (Local Organizer), University of California, Los Angeles<br>* The Genetics Society of America will be sponsoring the Meeting.<\/li>\n<\/ul>\n<\/li>\n\n\n\n<li>15th International&nbsp;<em>C. elegans<\/em>&nbsp;Meeting\n<ul class=\"wp-block-list\">\n<li>University of California at Los Angeles<br>June 25 (Saturday) &#8211; June 29 (Wednesday), 2005<\/li>\n\n\n\n<li>Organizing Committee:<br>* Monica Driscoll (co-head organizer)<br>* Tim Schedl (co-head organizer)<br>* Alex van der Bliek (local organizer)<br>* The Genetics Society of America will be sponsoring the Meeting.<br>Comments or questions can be addressed to<br>Anne Marie Mahoney &lt;annemarie.mahoney@verizon.net&gt;.<\/li>\n<\/ul>\n<\/li>\n\n\n\n<li>14th International&nbsp;<em>C. elegans<\/em>&nbsp;Meeting\n<ul class=\"wp-block-list\">\n<li>University of California at Los Angeles<br>June 29 &#8211; July 3, 2003<\/li>\n\n\n\n<li>Organizing Committee:<br>* Geraldine Seydoux (co-head organizer)<br>* Stuart Kim (co-head organizer)<br>* Alex van der Bliek (local organizer)<\/li>\n<\/ul>\n<\/li>\n<\/ul>\n<\/div><\/div>\n\n\n\n<div class=\"wp-block-group mb_20\"><div class=\"wp-block-group__inner-container is-layout-constrained wp-block-group-is-layout-constrained\">\n<h4 class=\"wp-block-heading\" id=\"link02\">\u5730\u57df\u96c6\u4f1a<\/h4>\n\n\n\n<h5 class=\"wp-block-heading\">2024\u5e74<\/h5>\n\n\n\n<ul class=\"wp-block-list\">\n<li><a href=\"https:\/\/apwm2025.com\/\">Asia-Pasific Worm Meeting 2024<\/a><br>\u65e5\u7a0b\uff1a2024\u5e746\u670813\u65e5\uff5e16\u65e5<br>\u5834\u6240\uff1a\u30a4\u30f3\u30c9\u30fbBangalore<\/li>\n<\/ul>\n\n\n\n<h5 class=\"wp-block-heading\">2022\u5e74<\/h5>\n\n\n\n<ul class=\"wp-block-list\">\n<li>9th Asia-Pasific Worm Meeting<br>\u65e5\u7a0b\uff1a2022\u5e747\u670818\u65e5\uff5e20\u65e5<br>\u5834\u6240\uff1a\u30aa\u30f3\u30e9\u30a4\u30f3(ZOOM)<\/li>\n<\/ul>\n\n\n\n<h5 class=\"wp-block-heading\">2020\u5e74<\/h5>\n\n\n\n<ul class=\"wp-block-list\">\n<li>Asia-Pasific&nbsp;<em>C. elegans<\/em>&nbsp;Meeting 2020&nbsp;\u306f\u3001\u4e2d\u6b62\u306b\u306a\u308a\u307e\u3057\u305f\u3002<\/li>\n<\/ul>\n\n\n\n<h5 class=\"wp-block-heading\">2018\u5e74<\/h5>\n\n\n\n<ul class=\"wp-block-list\">\n<li><a href=\"https:\/\/sites.google.com\/site\/apwm2018\/\"><\/a>8th Asia-Pasific&nbsp;<em>C. elegans<\/em>&nbsp;Meeting<br>\u65e5\u7a0b\uff1a2018\u5e747\u67089\u65e5\uff5e12\u65e5<br>\u5834\u6240\uff1a\u97d3\u56fd\u30fb\u30bd\u30a6\u30eb<\/li>\n<\/ul>\n\n\n\n<h5 class=\"wp-block-heading\">2016\u5e74<\/h5>\n\n\n\n<ul class=\"wp-block-list\">\n<li><a href=\"http:\/\/apwm2016.csp.escience.cn\/dct\/page\/1\"><\/a><a href=\"http:\/\/apwm2016.csp.escience.cn\/dct\/page\/1\">7th Asia-Pasific&nbsp;<em>C. elegans<\/em>&nbsp;Meeting<\/a><br>\u65e5\u7a0b\uff1a2016\u5e746\u670825\u65e5\uff5e29\u65e5<br>\u5834\u6240\uff1a\u4e2d\u56fd\u30fb\u5317\u4eac<\/li>\n<\/ul>\n\n\n\n<h5 class=\"wp-block-heading\">2014\u5e74<\/h5>\n\n\n\n<ul class=\"wp-block-list\">\n<li><a href=\"http:\/\/cedevap2014.sakura.ne.jp\/\"><\/a><em>C. elegans<\/em> Development, Cell Biology and Gene Expression Meeting in association with The 6th Asia-Pacific&nbsp;<em>C. elegans<\/em>&nbsp;Meeting<br>\u65e5\u7a0b\uff1a2014\u5e747\u670815\u65e5\uff5e19\u65e5<br>\u5834\u6240\uff1a\u5948\u826f\u770c\u5948\u826f\u5e02<\/li>\n<\/ul>\n\n\n\n<h5 class=\"wp-block-heading\">2012\u5e74<\/h5>\n\n\n\n<ul class=\"wp-block-list\">\n<li><a href=\"http:\/\/eawm2012.lifescience.ntu.edu.tw\/\"><\/a>2012 East Asia Worm Meeting (EAWM2012)<br>\u65e5\u7a0b\uff1a2012\u5e746\u670827\u65e5\uff5e30\u65e5<br>\u5834\u6240\uff1aThe Chientan Overseas Youth Activity Center\uff08\u53f0\u6e7e\u30fb\u53f0\u5317\u5e02\uff09<\/li>\n<\/ul>\n\n\n\n<h5 class=\"wp-block-heading\">2010\u5e74\u4ee5\u524d<\/h5>\n\n\n\n<ul class=\"wp-block-list\">\n<li><a href=\"http:\/\/www.wormjp.umin.jp\/2010EAWM\/Home.html\"><\/a>4th East Asia Meeting at Tokyo<br>\u65e5\u7a0b\uff1a2010\u5e747\u670811\u65e5(\u65e5)\uff5e14\u65e5(\u6c34)<br>\u5834\u6240\uff1a<a href=\"http:\/\/nyc.niye.go.jp\/\" target=\"_blank\" rel=\"noreferrer noopener\">\u56fd\u7acb\u30aa\u30ea\u30f3\u30d4\u30c3\u30af\u8a18\u5ff5\u9752\u5c11\u5e74\u7dcf\u5408\u30bb\u30f3\u30bf\u30fc<\/a>\uff08\u6771\u4eac\uff09<\/li>\n\n\n\n<li><a href=\"http:\/\/www.twmu.ac.jp\/U\/seminar\/semi280919\/semi280919.html\" target=\"_blank\" rel=\"noreferrer noopener\">\u6587\u90e8\u79d1\u5b66\u7701\u30ca\u30b7\u30e7\u30ca\u30eb\u30d0\u30a4\u30aa\u30ea\u30bd\u30fc\u30b9\u30d7\u30ed\u30b8\u30a7\u30af\u30c8 \u7dda\u866b\u30fb\u30b7\u30f3\u30dd\u30b8\u30a6\u30e0<\/a><br class=\"pc_dn\">\u2015Nematode: An Ideal Model Organism for Functional Genomics\u2015<br>\u65e5\u7a0b\uff1a2008\u5e7411\u67085\u65e5<br>\u5834\u6240\uff1a\u6771\u4eac\u5973\u5b50\u533b\u79d1\u5927\u5b66\u5f25\u751f\u8a18\u5ff5\u8b1b\u5802<\/li>\n\n\n\n<li>2008 East Asia Meeting at Shanghai<br>\u65e5\u7a0b\uff1a2008\u5e744\u670818\u65e5\uff5e21\u65e5<br>\u5834\u6240\uff1aRuijin Hospital, Shanghai Jiao Tong University School of Medicine, Shanghai, China<br>\u4e0a\u6d77\u4ea4\u901a\u5927\u5b66\u306e\u745e\u91d1\u533b\u9662\u306b\u3066\u7b2c\u4e09\u56de\u76ee\u306eEast Asia Meeting\u304c\u958b\u50ac\u3055\u308c\u307e\u3057\u305f\u3002<\/li>\n\n\n\n<li>2006 East Asia Meeting at Seoul<br>\u65e5\u7a0b\uff1a2006\u5e7411\u670815\u65e5\uff5e18\u65e5<br>\u5834\u6240\uff1aHoam Convention Center, Seoul National University, Seoul, Korea<br>\u30bd\u30a6\u30eb\u5927\u5b66\u5185\u306e\u30b3\u30f3\u30d5\u30a1\u30ec\u30f3\u30b9\u30bb\u30f3\u30bf\u30fc\u306b\u3066\u7b2c\u4e8c\u56de\u76ee\u306eEast Asia Meeting\u304c\u958b\u50ac\u3055\u308c\u307e\u3057\u305f\u3002<\/li>\n\n\n\n<li>2004 East Asia Meeting at Awaji Island<br>2004\u5e746\u670828\u65e5\u304b\u30897\u67081\u65e5\u306e\u9593\u3001\u521d\u3081\u3066\u306e\u8a66\u307f\u3068\u3057\u3066\u65e5\u672c\u30fb \u97d3\u56fd\u30fb\u53f0\u6e7e\u306a\u3069\u306e\u7dda\u866b\u7814\u7a76\u8005\u304c\u53c2\u52a0\u3057\u305fEast Asia Meeting\u3092\u958b\u50ac\u3057\u307e\u3057\u305f\u3002<br>\u8a73\u7d30\u53ca\u3073\u767a\u8868\u8981\u65e8\u306fmeeting homepage\u3092\u3054\u89a7\u304f\u3060\u3055\u3044\u3002<\/li>\n\n\n\n<li>\u7b2c\uff13\u56de\uff23\u30a8\u30ec\u30ac\u30f3\u30b9\u65e5\u672c\u96c6\u4f1a(2002\u540d\u53e4\u5c4b)<\/li>\n\n\n\n<li>\u7b2c\uff12\u56de\uff23\u30a8\u30ec\u30ac\u30f3\u30b9\u65e5\u672c\u96c6\u4f1a(2000\u6771\u4eac\uff09<\/li>\n\n\n\n<li>\u7b2c\uff11\u56de\uff23\uff0e\u30a8\u30ec\u30ac\u30f3\u30b9\u65e5\u672c\u96c6\u4f1a\uff081998\u91d1\u6ca2\uff09<\/li>\n<\/ul>\n\n\n\n<p>\u305d\u306e\u4ed6\u306e\u5730\u57df\u96c6\u4f1a\uff08Regional&nbsp;<em>C. elegans<\/em>&nbsp;Meeting\uff09\u306f\u897f\u66a6\u5076\u6570\u5e74\u306b\u7c73\u56fd\u3001\u30e8\u30fc\u30ed\u30c3\u30d1\u304a\u3088\u3073\u65e5\u672c\u3067\u958b\u50ac\u3055\u308c\u3066\u3044\u307e\u3059\u30022006\u5e74\u5ea6\u304b\u3089\u7c73\u56fd\u306e\u96c6\u4f1a\u306f\u3001\u3053\u308c\u307e\u3067\u897f\u6d77\u5cb8\u3001\u4e2d\u897f\u90e8\u3001\u6771\u6d77\u5cb8\u306e\uff13\u30ab\u6240\u3067\u958b\u50ac\u3055\u308c\u3066\u3044\u305f\u5730\u57df\u96c6\u4f1a\u306b\u4ee3\u308f\u308a\u3001\u7814\u7a76\u5206\u91ce\u3054\u3068(2006\u5e74\u5ea6\u306f&#8221;Development&#8221;&nbsp;&amp;&nbsp;&#8220;Neuroscience&#8221;)\u306e\u96c6\u4f1a\u306b\u518d\u7de8\u3055\u308c\u308b\u3053\u3068\u306b\u306a\u308a\u307e\u3057\u305f\u3002<\/p>\n\n\n\n<div class=\"wp-block-group mb_20\"><div class=\"wp-block-group__inner-container is-layout-constrained wp-block-group-is-layout-constrained\">\n<h4 class=\"wp-block-heading\" id=\"link03\">\u7dda\u866b\u7814\u7a76\u306e\u672a\u6765\u3092\u5275\u308b\u4f1a<\/h4>\n\n\n\n<ul class=\"wp-block-list box_col_02 ml_20 sp_ml_0\">\n<li><strong>\u300c<a href=\"https:\/\/nfuture.jp\/\">\u7dda\u866b\u7814\u7a76\u306e\u672a\u6765\u3092\u5275\u308b\u4f1a2025<\/a>\u300d<br><\/strong>\u65e5\u6642\uff1a\u00a0Aug 20-21, 2025<br>\u5834\u6240\uff1a\u5948\u826f\u5973\u5b50\u5927\u5b66<\/li>\n\n\n\n<li><strong>\u300c\u7dda\u866b\u7814\u7a76\u306e\u672a\u6765\u3092\u5275\u308b\u4f1a2024\u300d<br><\/strong>\u65e5\u6642\uff1a\u00a0Aug 27-28, 2024<br>\u5834\u6240\uff1a\u30aa\u30f3\u30e9\u30a4\u30f3\uff08\u53f0\u98a8\u306e\u5f71\u97ff\u306b\u3088\u308a\uff09<\/li>\n\n\n\n<li><strong>\u300c\u7dda\u866b\u7814\u7a76\u306e\u672a\u6765\u3092\u5275\u308b\u4f1a2023\u300d<\/strong>&nbsp;<br>\u65e5\u6642\uff1a&nbsp;Aug 17-18, 2023&nbsp;<br>\u5834\u6240\uff1a\u7406\u5316\u5b66\u7814\u7a76\u6240\u795e\u6238BDR\uff08\u795e\u6238\uff09<\/li>\n\n\n\n<li><strong>\u300c\u7dda\u866b\u7814\u7a76\u306e\u672a\u6765\u3092\u5275\u308b\u4f1a2022\u300d<\/strong>&nbsp;<br>\u65e5\u6642\uff1a&nbsp;Aug 29-30, 2022&nbsp;<br>\u5834\u6240\uff1a\u30aa\u30f3\u30e9\u30a4\u30f3<\/li>\n\n\n\n<li><strong>\u300c\u7dda\u866b\u7814\u7a76\u306e\u672a\u6765\u3092\u5275\u308b\u4f1a2021\u300d<\/strong>&nbsp;<br>\u65e5\u6642\uff1a&nbsp;Aug 31-Sep 1, 2021&nbsp;<br>\u5834\u6240\uff1a\u30aa\u30f3\u30e9\u30a4\u30f3<\/li>\n\n\n\n<li><strong>\u300c\u7dda\u866b\u7814\u7a76\u306e\u672a\u6765\u3092\u5275\u308b\u4f1a2019\u300d<\/strong>&nbsp;<br>\u65e5\u6642\uff1a&nbsp;Aug 21-22, 2019&nbsp;<br>\u5834\u6240\uff1a\u540d\u53e4\u5c4b\u5927\u5b66<\/li>\n\n\n\n<li><strong>\u300c\u7dda\u866b\u7814\u7a76\u306e\u672a\u6765\u3092\u5275\u308b\u4f1a2018\u300d<\/strong>&nbsp;<br>\u65e5\u6642\uff1a&nbsp;Sep 14-15, 2018&nbsp;<br>\u5834\u6240\uff1a\u56fd\u7acb\u907a\u4f1d\u5b66\u7814\u7a76\u6240<\/li>\n<\/ul>\n<\/div><\/div>\n<\/div><\/div>\n\n\n\n<div class=\"wp-block-group mb_20\"><div class=\"wp-block-group__inner-container is-layout-constrained wp-block-group-is-layout-constrained\">\n<h4 class=\"wp-block-heading\" id=\"link04\">\u300c\u866b\u306e\u96c6\u3044\u300d\u61c7\u89aa\u4f1a\uff20\u65e5\u672c\u5206\u5b50\u751f\u7269\u5b66\u4f1a<\/h4>\n\n\n\n<p>\u6bce\u5e74\u3001\u65e5\u672c\u5206\u5b50\u751f\u7269\u5b66\u4f1a\u5e74\u4f1a\u306e\u4f1a\u671f\u4e2d\u306b\u61c7\u89aa\u4f1a\u3092\u958b\u50ac\u3057\u3066\u3044\u307e\u3059\u3002<\/p>\n\n\n\n<div class=\"wp-block-group is-layout-grid wp-container-core-group-is-layout-9d08f51b wp-block-group-is-layout-grid\">\n<div class=\"wp-block-group is-vertical is-layout-flex wp-container-core-group-is-layout-8cf370e7 wp-block-group-is-layout-flex\">\n<h5 class=\"wp-block-heading\">\u5e73\u621025\u5e74\u5ea6<\/h5>\n\n\n\n<p class=\"mb_10\">\u958b\u50ac\u65e5\uff1a2013\u5e7412\u67085\u65e5\uff08\u6728\u66dc\u65e5\uff09\u3001\u7b2c36\u56de\u65e5\u672c\u5206\u5b50\u751f\u7269\u5b66\u4f1a\u5e74\u4f1a3\u65e5\u76ee<br>\u6642\u9593\uff1a20:00\uff5e22:00<br>\u5e79\u4e8b\uff1a\u9ad8\u5c71\u3000\u9806\uff08\u7406\u7814QBiC\uff09<br>\u5834\u6240\uff1a\u795e\u6238\u4e09\u5baeVUS TLE<\/p>\n<\/div>\n\n\n\n<div class=\"wp-block-group is-vertical is-layout-flex wp-container-core-group-is-layout-8cf370e7 wp-block-group-is-layout-flex\">\n<h5 class=\"wp-block-heading\">\u5e73\u621024\u5e74\u5ea6<\/h5>\n\n\n\n<p class=\"mb_10\">\u958b\u50ac\u65e5\uff1a2012\u5e7412\u670811\u65e5\uff08\u706b\u66dc\u65e5\uff09\u3001 \u7b2c35\u56de\u65e5\u672c\u5206\u5b50\u751f\u7269\u5b66\u4f1a\u5e74\u4f1a\uff11\u65e5\u76ee<br>\u6642\u9593\uff1a19:30\uff5e22:00<br>\u5e79\u4e8b\uff1a\u85e4\u539f\u3000\u5b66\uff08\u4e5d\u5dde\u5927\u5b66\uff09<br>\u5834\u6240\uff1a\u30d9\u30a4\u30b5\u30a4\u30c9\u30d7\u30ec\u30a4\u30b9\u535a\u591a\u5185\u300c\u5730\u4e2d\u6d77\u6599\u7406 \u3000\u604b\u3059\u308b\u9b5a\u300d<\/p>\n<\/div>\n\n\n\n<div class=\"wp-block-group is-vertical is-layout-flex wp-container-core-group-is-layout-8cf370e7 wp-block-group-is-layout-flex\">\n<h5 class=\"wp-block-heading\">\u5e73\u621023\u5e74\u5ea6<\/h5>\n\n\n\n<p class=\"mb_10\">\u958b\u50ac\u65e5\uff1a2011\u5e7412\u670814\u65e5\uff08\u6728\u66dc\u65e5\uff09\u3001 \u7b2c34\u56de\u65e5\u672c\u5206\u5b50\u751f\u7269\u5b66\u4f1a\u5e74\u4f1a2\u65e5\u76ee<br>\u6642\u9593\uff1a20:00\uff5e22:00<br>\u5e79\u4e8b\uff1a\u4e39\u7fbd\u3000\u9686\u4ecb\uff08\u7b51\u6ce2\u5927\u5b66\uff09<br>\u5834\u6240\uff1a\u6a2a\u6d5c\u30d3\u30fc\u30eb\u3000\u9a5b\u306e\u98df\u5353<\/p>\n<\/div>\n\n\n\n<div class=\"wp-block-group is-vertical is-layout-flex wp-container-core-group-is-layout-8cf370e7 wp-block-group-is-layout-flex\">\n<h5 class=\"wp-block-heading\">\u5e73\u621022\u5e74\u5ea6<\/h5>\n\n\n\n<p class=\"mb_10\">\u958b\u50ac\u65e5\uff1a2010\u5e7412\u67088\u65e5\uff08\u6c34\u66dc\u65e5\uff09\u3001\u7b2c33\u56de\u65e5\u672c\u5206\u5b50\u751f\u7269\u5b66\u4f1a\u5e74\u4f1a\u30fb\u7b2c83\u56de\u65e5\u672c\u751f\u5316\u5b66\u4f1a\u5927\u4f1a\u5408\u540c\u5927\u4f1a2\u65e5\u76ee<br>\u6642\u9593\uff1a19:30\uff5e22:00<br>\u5e79\u4e8b\uff1a\u83ca\u5730\u3000\u54f2\u5b8f\uff08\u95a2\u897f\u5b66\u9662\u5927\u5b66\u5927\u5b66\u9662\uff09<br>\u5834\u6240\uff1a\u30a4\u30bf\u30ea\u30a2\u30f3\u30d5\u30ec\u30f3\u30c1\uff5e\u3000Hahn Hof(\u30cf\u30fc\u30f3\u3000\u30db\u30d5\uff09<\/p>\n<\/div>\n\n\n\n<div class=\"wp-block-group is-vertical is-layout-flex wp-container-core-group-is-layout-8cf370e7 wp-block-group-is-layout-flex\">\n<h5 class=\"wp-block-heading\">\u5e73\u621021\u5e74\u5ea6<\/h5>\n\n\n\n<p class=\"mb_10\">\u958b\u50ac\u65e5\uff1a2009\u5e7412\u670810\u65e5\uff08\u6728\u66dc\u65e5\uff09\u3001 \u5206\u5b50\u751f\u7269\u5b66\u4f1a2\u65e5\u76ee<br>\u6642\u9593\uff1a19:30\uff5e21:30<br>\u5e79\u4e8b\uff1a\u570b\u53cb\u3000\u535a\u6587\uff08\u6771\u4eac\u5927\u5b66\u5927\u5b66\u9662\uff09<br>\u5834\u6240\uff1a\u624b\u4f5c\u308a\u5c45\u9152\u5c4b \u7518\u592a\u90ce\u3000\u307f\u306a\u3068\u307f\u3089\u3044\u5e97<\/p>\n<\/div>\n\n\n\n<div class=\"wp-block-group is-vertical is-layout-flex wp-container-core-group-is-layout-8cf370e7 wp-block-group-is-layout-flex\">\n<h5 class=\"wp-block-heading\">\u5e73\u621020\u5e74\u5ea6<\/h5>\n\n\n\n<p class=\"mb_10\">\u958b\u50ac\u65e5\uff1a2008\u5e7412\u670810\u65e5\uff08\u6c34\u66dc\u65e5\uff09\u3001 \u751f\u5316\u5b66\u30fb\u5206\u5b50\u751f\u7269\u5b66\u5408\u540c\u5e74\u4f1a2\u65e5\u76ee<br>\u6642\u9593\uff1a19:00\uff5e21:00<br>\u5e79\u4e8b\uff1a\u7c73\u8c37\u5321\u53f2\u30fb\u67f4\u7530\u5e78\u653f\uff08\u7406\u7814CDB\uff09<br>\u5834\u6240\uff1aregatta\u795e\u6238 (KR&amp;AC)<\/p>\n<\/div>\n\n\n\n<div class=\"wp-block-group is-vertical is-layout-flex wp-container-core-group-is-layout-8cf370e7 wp-block-group-is-layout-flex\">\n<h5 class=\"wp-block-heading\">\u5e73\u621019\u5e74\u5ea6<\/h5>\n\n\n\n<p class=\"mb_10\">\u958b\u50ac\u65e5\uff1a2007\u5e7412\u670813\u65e5\uff08\u6728\u66dc\u65e5\uff09\u3001 \u751f\u5316\u5b66\u30fb\u5206\u5b50\u751f\u7269\u5b66\u5408\u540c\u5e74\u4f1a3\u65e5\u76ee<br>\u6642\u9593\uff1a19:30\uff5e21:30<br>\u5e79\u4e8b\uff1a\u4e95\u4e0a\u8cb4\u96c4\u3000\uff08\u6771\u4eac\u5927\u5b66\u3000\u885b\u751f\u5316\u5b66\u6559 \u5ba4 \uff08\u65b0\u4e95\u7814\u7a76\u5ba4\uff09\uff09<br>\u5834\u6240\uff1a\u6a2a\u6d5c\u8d64\u30ec\u30f3\u30ac\u5009\u5eab\u3000sumire<br>\u76db\u4f1a\u306e\u3046\u3061\u306b\u7d42\u4e86\u3057\u307e\u3057\u305f\u3002\uff08103\u540d\u53c2\u52a0\uff09<\/p>\n<\/div>\n\n\n\n<div class=\"wp-block-group is-vertical is-layout-flex wp-container-core-group-is-layout-8cf370e7 wp-block-group-is-layout-flex\">\n<h5 class=\"wp-block-heading\">\u5e73\u621018\u5e74\u5ea6<\/h5>\n\n\n\n<p class=\"mb_10\">\u65e5\u6642\uff1a2006\u5e746\u670821\u65e5\uff08\u6c34\u66dc\u65e5\uff09\u3001 \u751f\u5316\u5b66\u30fb \u5206\u5b50\u751f\u7269\u5b66\u5408\u540c\u5e74\u4f1a\uff14\u65e5\u76ee<br>\u5e79\u4e8b\uff1a\u5927\u9688\u8c9e\u55e3\u3001\u4e95\u4e0a\u82f1\u6a39\u3000\uff08\u4eac\u90fd\u5927\u5b66\u3000 \u897f\u7530\u7814\u7a76\u5ba4\uff09<br>\u5834\u6240\uff1a\u30cb\u30e5\u30fc\u30c8\u30ed\u30f3<br>\u76db\u4f1a\u306e\u3046\u3061\u306b\u7d42\u4e86\u3057\u307e\u3057\u305f\u3002\uff0836\u540d\u53c2\u52a0\uff09<\/p>\n<\/div>\n\n\n\n<div class=\"wp-block-group is-vertical is-layout-flex wp-container-core-group-is-layout-8cf370e7 wp-block-group-is-layout-flex\">\n<h5 class=\"wp-block-heading\">\u5e73\u621017\u5e74\u5ea6<\/h5>\n\n\n\n<p class=\"mb_10\">\u958b\u50ac\u65e5\uff1a2005\u5e7412\u67087\u65e5\uff08\u6c34\u66dc\u65e5\uff09\u3001\u5206\u5b50\u751f\u7269\u5b66\u4f1a\u3000\u5e74\u4f1a1\u65e5\u76ee<br>\u5e79\u4e8b\u3000\uff1a\u4e5d\u5dde\u5927\u5b66\u3000\u77f3\u539f\u7814\u7a76\u5ba4<br>\u5834\u6240\u3000\uff1a\u5929\u795e\u30a4\u30e0\u30ba\u3000\uff11\uff13\u968e\u3000\u3000\u91ce\u306e\u8461\u8404<br>\u76db\u4f1a\u306e\u3046\u3061\u306b\u7d42\u4e86\u3044\u305f\u3057\u307e\u3057\u305f\u3002\uff08106\u540d\u53c2\u52a0\uff09<\/p>\n<\/div>\n\n\n\n<div class=\"wp-block-group is-vertical is-layout-flex wp-container-core-group-is-layout-8cf370e7 wp-block-group-is-layout-flex\">\n<h5 class=\"wp-block-heading\">\u5e73\u621016\u5e74\u5ea6<\/h5>\n\n\n\n<p class=\"mb_10\">\u958b\u50ac\u65e5\uff1a2004\u5e7412\u670810\u65e5\uff08\u91d1\u66dc\u65e5\uff09\u3001 \u5206\u5b50\u751f\u7269\u5b66\u4f1a\u3000\u5e74\u4f1a3\u65e5\u76ee<br>\u5e79\u4e8b\u3000\uff1a\u8352\u7530\u5e78\u4fe1\u30fb\u98ef\u7530\u76f4\u5b50\u30fb\u4f0a\u539f\u4f38\u6cbb \uff08\u7406\u7814CDB\uff09<br>\u5834\u6240\u3000\uff1a\u795e\u6238\u5e02\u5f79\u62401\u53f7\u992824\u968e\u3000\u30ec\u30b9\u30c8\u30e9\u30f3 CASA<br>\u76db\u4f1a\u306e\u3046\u3061\u306b\u7d42\u4e86\u3044\u305f\u3057\u307e\u3057\u305f\u3002\uff08104\u540d\u53c2\u52a0\uff09<\/p>\n<\/div>\n\n\n\n<div class=\"wp-block-group is-vertical is-layout-flex wp-container-core-group-is-layout-8cf370e7 wp-block-group-is-layout-flex\">\n<h5 class=\"wp-block-heading\">\u5e73\u621015\u5e74\u5ea6<\/h5>\n\n\n\n<p class=\"mb_05\">\u958b\u50ac\u65e5\uff1a2003\u5e7412\u670811\u65e5\uff08\u6728\u66dc\u65e5\uff09\u3001 \u5206\u5b50\u751f\u7269\u5b66\u4f1a\u3000\u5e74\u4f1a2\u65e5\u76ee<br>\u5e79\u4e8b\u3000\uff1a\u9234\u6728\u6559\u90ce\u3001\u8302\u6728\u6587\u592b\u3001\u85e4\u7530\u6b63\u6a39 \uff08\u7406\u7814CDB\uff09<br>\u5834\u6240\u3000\uff1a\u4e09\u5bae\u30d5\u30ed\u30a4\u30f3\u30c9\u30ea\u30fc\u30d6<br>\u76db\u4f1a\u306e\u3046\u3061\u306b\u7d42\u4e86\u3044\u305f\u3057\u307e\u3057\u305f\u3002\uff0895\u540d\u53c2\u52a0\uff09<\/p>\n<\/div>\n\n\n\n<div class=\"wp-block-group is-vertical is-layout-flex wp-container-core-group-is-layout-8cf370e7 wp-block-group-is-layout-flex\">\n<h5 class=\"wp-block-heading\">\u5e73\u621014\u5e74\u5ea6<\/h5>\n\n\n\n<p class=\"mb_05\">\u65e5\u6642\uff1a\u5e73\u621014\u5e7412\u670812\u65e5 \u6728\u66dc\u65e5 \u5348\u5f8c7\u6642\u304b\u30899\u6642\u307e\u3067<br>\u5834\u6240\uff1a\u6a2a\u6d5c\u4e2d\u83ef\u8857\u3000\u5ee3\u6771\u98ef\u5e97<br>\u5e79\u4e8b\uff1a\u6728\u6751\u82b3\u6ecb\u3001\u9ed2\u67f3\u79c0\u4eba\u3001\u6f06\u5c71\u8aa0\u4e00\uff08\u6771\u4eac\u533b\u79d1\u6b6f\u79d1\u5927\u5b66\uff09<br>\u76db\u4f1a\u306e\u3046\u3061\u306b\u7d42\u4e86\u3044\u305f\u3057\u307e\u3057\u305f\u3002\uff08\u7d0485\u540d\u53c2\u52a0\uff09<\/p>\n<\/div>\n<\/div>\n<\/div><\/div>\n\n\n\n<div class=\"wp-block-group mb_20\"><div class=\"wp-block-group__inner-container is-layout-constrained wp-block-group-is-layout-constrained\">\n<h4 class=\"wp-block-heading\" id=\"link05\">\u7dda\u866b\u52c9\u5f37\u4f1a<\/h4>\n\n\n\n<p>\u6771\u4eac\u3068\u795e\u6238\u3067\u306f\u5b9a\u671f\u7684\u306b\u7dda\u866b\u52c9\u5f37\u4f1a\u304c\u958b\u50ac\u3055\u308c\u3066\u3044\u307e\u3059\u3002<\/p>\n\n\n\n<ul class=\"wp-block-list\">\n<li><a href=\"http:\/\/molecular-ethology.biochem.s.u-tokyo.ac.jp\/benkyou.html\" target=\"_blank\" rel=\"noreferrer noopener\">\u6771\u4eac\u30a8\u30ea\u30a2<\/a><\/li>\n\n\n\n<li>\u95a2\u897f\u30a8\u30ea\u30a2<\/li>\n<\/ul>\n<\/div><\/div>\n\n\n\n<div class=\"wp-block-group\"><div class=\"wp-block-group__inner-container is-layout-constrained wp-block-group-is-layout-constrained\">\n<h4 class=\"wp-block-heading\" id=\"link06\">C. elegans\u8b1b\u7fd2\u4f1a\uff20Cold Spring Harbor Laboratory<\/h4>\n\n\n\n<ul class=\"wp-block-list\">\n<li>July 28 &#8211; August 15, 2005<\/li>\n\n\n\n<li>Application Deadline: March 15, 2005<\/li>\n\n\n\n<li>Instructors:\n<ul class=\"wp-block-list\">\n<li>Scott Clark, New York University School of Medicine<\/li>\n\n\n\n<li>Mario De Bono, MRC Laboratory of Molecular Biology, UK<\/li>\n\n\n\n<li>Michel LaBouesse, CNRS\/IGBMC, Strasbourg, France<\/li>\n<\/ul>\n<\/li>\n\n\n\n<li>\u8a73\u7d30\u306f\u3053\u3061\u3089<\/li>\n<\/ul>\n<\/div><\/div>\n","protected":false},"excerpt":{"rendered":"<p>\u56fd\u969b\u5b66\u4f1a \u897f\u66a6\u5947\u6570\u5e74\u306b\u7c73\u56fd\u3067\u958b\u50ac\u3055\u308c\u3066\u3044\u307e\u3059\u3002 \u5730\u57df\u96c6\u4f1a 2024\u5e74 2022\u5e74 2020\u5e74 201 [&hellip;]<\/p>\n","protected":false},"author":1,"featured_media":0,"parent":0,"menu_order":0,"comment_status":"closed","ping_status":"closed","template":"","meta":{"footnotes":""},"class_list":["post-732","page","type-page","status-publish","hentry"],"_links":{"self":[{"href":"https:\/\/plaza.umin.ac.jp\/wormjp\/wordpress\/wp-json\/wp\/v2\/pages\/732","targetHints":{"allow":["GET"]}}],"collection":[{"href":"https:\/\/plaza.umin.ac.jp\/wormjp\/wordpress\/wp-json\/wp\/v2\/pages"}],"about":[{"href":"https:\/\/plaza.umin.ac.jp\/wormjp\/wordpress\/wp-json\/wp\/v2\/types\/page"}],"author":[{"embeddable":true,"href":"https:\/\/plaza.umin.ac.jp\/wormjp\/wordpress\/wp-json\/wp\/v2\/users\/1"}],"replies":[{"embeddable":true,"href":"https:\/\/plaza.umin.ac.jp\/wormjp\/wordpress\/wp-json\/wp\/v2\/comments?post=732"}],"version-history":[{"count":4,"href":"https:\/\/plaza.umin.ac.jp\/wormjp\/wordpress\/wp-json\/wp\/v2\/pages\/732\/revisions"}],"predecessor-version":[{"id":1247,"href":"https:\/\/plaza.umin.ac.jp\/wormjp\/wordpress\/wp-json\/wp\/v2\/pages\/732\/revisions\/1247"}],"wp:attachment":[{"href":"https:\/\/plaza.umin.ac.jp\/wormjp\/wordpress\/wp-json\/wp\/v2\/media?parent=732"}],"curies":[{"name":"wp","href":"https:\/\/api.w.org\/{rel}","templated":true}]}}